{"id":2,"date":"2024-06-06T09:47:39","date_gmt":"2024-06-06T07:47:39","guid":{"rendered":"http:\/\/stmedard.be\/?page_id=2"},"modified":"2025-07-24T14:22:38","modified_gmt":"2025-07-24T12:22:38","slug":"page-d-exemple","status":"publish","type":"page","link":"https:\/\/www.stmedard.be\/","title":{"rendered":"Page d&rsquo;accueil"},"content":{"rendered":"\t\t<div data-elementor-type=\"wp-page\" data-elementor-id=\"2\" class=\"elementor elementor-2\">\n\t\t\t\t<div class=\"elementor-element elementor-element-67b1b23 e-flex e-con-boxed e-con e-parent\" data-id=\"67b1b23\" data-element_type=\"container\">\n\t\t\t\t\t<div class=\"e-con-inner\">\n\t\t\t\t<div class=\"elementor-element elementor-element-4d0492b elementor-widget elementor-widget-heading\" data-id=\"4d0492b\" data-element_type=\"widget\" data-widget_type=\"heading.default\">\n\t\t\t\t<div class=\"elementor-widget-container\">\n\t\t\t\t\t<h1 class=\"elementor-heading-title elementor-size-default\">Bienvenue \u00e0 l'\u00c9cole Saint-M\u00e9dard Anderlues <\/h1>\t\t\t\t<\/div>\n\t\t\t\t<\/div>\n\t\t\t\t<div class=\"elementor-element elementor-element-6879f3c elementor-widget elementor-widget-heading\" data-id=\"6879f3c\" data-element_type=\"widget\" data-widget_type=\"heading.default\">\n\t\t\t\t<div class=\"elementor-widget-container\">\n\t\t\t\t\t<h3 class=\"elementor-heading-title elementor-size-default\">Une \u00e9cole pour apprendre. Un lieu pour grandir. Un monde \u00e0 construire.<\/h3>\t\t\t\t<\/div>\n\t\t\t\t<\/div>\n\t\t\t\t\t<\/div>\n\t\t\t\t<\/div>\n\t\t<div class=\"elementor-element elementor-element-ab6bb8a e-flex e-con-boxed e-con e-parent\" data-id=\"ab6bb8a\" data-element_type=\"container\">\n\t\t\t\t\t<div class=\"e-con-inner\">\n\t\t\t\t<div class=\"elementor-element elementor-element-6e64a4f elementor-widget elementor-widget-text-editor\" data-id=\"6e64a4f\" data-element_type=\"widget\" data-widget_type=\"text-editor.default\">\n\t\t\t\t<div class=\"elementor-widget-container\">\n\t\t\t\t\t\t\t\t\t<h1><b>Site en construction !<\/b><\/h1><h3>L&rsquo;\u00e9cole Saint-M\u00e9dard vous remercie de votre compr\u00e9hension.<\/h3><h4>Restez connect\u00e9s, la suite arrive bient\u00f4t <img decoding=\"async\" class=\"emoji\" role=\"img\" draggable=\"false\" src=\"https:\/\/s.w.org\/images\/core\/emoji\/16.0.1\/svg\/1f609.svg\" alt=\"\ud83d\ude09\" \/><\/h4>\t\t\t\t\t\t\t\t<\/div>\n\t\t\t\t<\/div>\n\t\t\t\t<div class=\"elementor-element elementor-element-6c1006f elementor-widget-divider--view-line elementor-widget elementor-widget-divider\" data-id=\"6c1006f\" data-element_type=\"widget\" data-widget_type=\"divider.default\">\n\t\t\t\t<div class=\"elementor-widget-container\">\n\t\t\t\t\t\t\t<div class=\"elementor-divider\">\n\t\t\t<span class=\"elementor-divider-separator\">\n\t\t\t\t\t\t<\/span>\n\t\t<\/div>\n\t\t\t\t\t\t<\/div>\n\t\t\t\t<\/div>\n\t\t\t\t\t<\/div>\n\t\t\t\t<\/div>\n\t\t<div class=\"elementor-element elementor-element-18f1552 e-flex e-con-boxed e-con e-parent\" data-id=\"18f1552\" data-element_type=\"container\">\n\t\t\t\t\t<div class=\"e-con-inner\">\n\t\t\t\t<div class=\"elementor-element elementor-element-57338d2 elementor-widget elementor-widget-image\" data-id=\"57338d2\" data-element_type=\"widget\" data-widget_type=\"image.default\">\n\t\t\t\t<div class=\"elementor-widget-container\">\n\t\t\t\t\t\t\t\t\t\t\t\t\t\t\t<img fetchpriority=\"high\" decoding=\"async\" width=\"501\" height=\"505\" src=\"https:\/\/www.stmedard.be\/wp-content\/uploads\/2025\/07\/g2.png\" class=\"attachment-medium_large size-medium_large wp-image-51\" alt=\"\" srcset=\"https:\/\/www.stmedard.be\/wp-content\/uploads\/2025\/07\/g2.png 501w, https:\/\/www.stmedard.be\/wp-content\/uploads\/2025\/07\/g2-298x300.png 298w, https:\/\/www.stmedard.be\/wp-content\/uploads\/2025\/07\/g2-150x150.png 150w\" sizes=\"(max-width: 501px) 100vw, 501px\" \/>\t\t\t\t\t\t\t\t\t\t\t\t\t\t\t<\/div>\n\t\t\t\t<\/div>\n\t\t\t\t\t<\/div>\n\t\t\t\t<\/div>\n\t\t\t\t<\/div>\n\t\t","protected":false},"excerpt":{"rendered":"<p>Bienvenue \u00e0 l&rsquo;\u00c9cole Saint-M\u00e9dard Anderlues Une \u00e9cole pour apprendre. Un lieu pour grandir. Un monde \u00e0 construire. Site en construction ! L&rsquo;\u00e9cole Saint-M\u00e9dard vous remercie de votre compr\u00e9hension. Restez connect\u00e9s, la suite arrive bient\u00f4t<\/p>\n","protected":false},"author":1,"featured_media":0,"parent":0,"menu_order":0,"comment_status":"closed","ping_status":"open","template":"","meta":{"_kadence_starter_templates_imported_post":false,"footnotes":""},"class_list":["post-2","page","type-page","status-publish","hentry"],"_links":{"self":[{"href":"https:\/\/www.stmedard.be\/index.php\/wp-json\/wp\/v2\/pages\/2","targetHints":{"allow":["GET"]}}],"collection":[{"href":"https:\/\/www.stmedard.be\/index.php\/wp-json\/wp\/v2\/pages"}],"about":[{"href":"https:\/\/www.stmedard.be\/index.php\/wp-json\/wp\/v2\/types\/page"}],"author":[{"embeddable":true,"href":"https:\/\/www.stmedard.be\/index.php\/wp-json\/wp\/v2\/users\/1"}],"replies":[{"embeddable":true,"href":"https:\/\/www.stmedard.be\/index.php\/wp-json\/wp\/v2\/comments?post=2"}],"version-history":[{"count":50,"href":"https:\/\/www.stmedard.be\/index.php\/wp-json\/wp\/v2\/pages\/2\/revisions"}],"predecessor-version":[{"id":87,"href":"https:\/\/www.stmedard.be\/index.php\/wp-json\/wp\/v2\/pages\/2\/revisions\/87"}],"wp:attachment":[{"href":"https:\/\/www.stmedard.be\/index.php\/wp-json\/wp\/v2\/media?parent=2"}],"curies":[{"name":"wp","href":"https:\/\/api.w.org\/{rel}","templated":true}]}}